{"id":4083,"date":"2024-11-25T17:21:16","date_gmt":"2024-11-25T20:21:16","guid":{"rendered":"https:\/\/www.frameworkdigital.com.br\/?page_id=4083"},"modified":"2025-09-19T12:27:02","modified_gmt":"2025-09-19T15:27:02","slug":"fale-conosco","status":"publish","type":"page","link":"https:\/\/www.frameworkdigital.com.br\/en\/fale-conosco\/","title":{"rendered":"Fale Conosco"},"content":{"rendered":"<div data-elementor-type=\"wp-page\" data-elementor-id=\"4083\" class=\"elementor elementor-4083\" data-elementor-post-type=\"page\">\n\t\t\t\t<div class=\"elementor-element elementor-element-58b0816 e-flex e-con-boxed wpr-particle-no wpr-jarallax-no wpr-parallax-no wpr-sticky-section-no e-con e-parent\" data-id=\"58b0816\" data-element_type=\"container\" data-e-type=\"container\" data-settings=\"{&quot;background_background&quot;:&quot;classic&quot;}\">\n\t\t\t\t\t<div class=\"e-con-inner\">\n\t\t<div class=\"elementor-element elementor-element-adddca2 e-con-full e-flex wpr-particle-no wpr-jarallax-no wpr-parallax-no wpr-sticky-section-no e-con e-child\" data-id=\"adddca2\" data-element_type=\"container\" data-e-type=\"container\">\n\t\t<div class=\"elementor-element elementor-element-39777f9 e-con-full e-flex wpr-particle-no wpr-jarallax-no wpr-parallax-no wpr-sticky-section-no e-con e-child\" data-id=\"39777f9\" data-element_type=\"container\" data-e-type=\"container\" data-settings=\"{&quot;background_background&quot;:&quot;classic&quot;}\">\n\t\t\t\t<div class=\"elementor-element elementor-element-73f3b1c elementor-widget elementor-widget-heading\" data-id=\"73f3b1c\" data-element_type=\"widget\" data-e-type=\"widget\" data-widget_type=\"heading.default\">\n\t\t\t\t<div class=\"elementor-widget-container\">\n\t\t\t\t\t<h2 class=\"elementor-heading-title elementor-size-default\">Evolua com estrat\u00e9gia e agilidade<\/h2>\t\t\t\t<\/div>\n\t\t\t\t<\/div>\n\t\t\t\t<div class=\"elementor-element elementor-element-328259b elementor-widget__width-initial elementor-widget elementor-widget-text-editor\" data-id=\"328259b\" data-element_type=\"widget\" data-e-type=\"widget\" data-widget_type=\"text-editor.default\">\n\t\t\t\t<div class=\"elementor-widget-container\">\n\t\t\t\t\t\t\t\t\t<p>Nossos squads de TI, potencializados por IA, est\u00e3o prontos para levar sua efici\u00eancia ao pr\u00f3ximo n\u00edvel.<\/p>\t\t\t\t\t\t\t\t<\/div>\n\t\t\t\t<\/div>\n\t\t\t\t<\/div>\n\t\t<div class=\"elementor-element elementor-element-5876c3f e-con-full e-flex wpr-particle-no wpr-jarallax-no wpr-parallax-no wpr-sticky-section-no e-con e-child\" data-id=\"5876c3f\" data-element_type=\"container\" data-e-type=\"container\">\n\t\t\t\t<div class=\"elementor-element elementor-element-ffe08d2 elementor-widget elementor-widget-hubspot-form\" data-id=\"ffe08d2\" data-element_type=\"widget\" data-e-type=\"widget\" data-widget_type=\"hubspot-form.default\">\n\t\t\t\t<div class=\"elementor-widget-container\">\n\t\t\t\t\t\n\t\t\t<div\n\t\t\tclass=\"hs-form-frame\"\n\t\t\tdata-region=\"na1\"\n\t\t\tdata-form-id=\"e0a9aac2-b641-42fc-a0a7-fe2200fffbd4\"\n\t\t\tdata-portal-id=\"24365820\"\n\t\t\t >\n\t\t\t<\/div>\n\t\t\t\t\t\t\t<\/div>\n\t\t\t\t<\/div>\n\t\t\t\t<\/div>\n\t\t\t\t<\/div>\n\t\t\t\t\t<\/div>\n\t\t\t\t<\/div>\n\t\t\t\t<\/div>","protected":false},"excerpt":{"rendered":"<p>Evolua com estrat\u00e9gia e agilidade Nossos squads de TI, potencializados por IA, est\u00e3o prontos para levar sua efici\u00eancia ao pr\u00f3ximo n\u00edvel.<\/p>","protected":false},"author":1,"featured_media":0,"parent":0,"menu_order":0,"comment_status":"closed","ping_status":"closed","template":"elementor_header_footer","meta":{"content-type":"","footnotes":""},"class_list":["post-4083","page","type-page","status-publish","hentry"],"_links":{"self":[{"href":"https:\/\/www.frameworkdigital.com.br\/en\/wp-json\/wp\/v2\/pages\/4083","targetHints":{"allow":["GET"]}}],"collection":[{"href":"https:\/\/www.frameworkdigital.com.br\/en\/wp-json\/wp\/v2\/pages"}],"about":[{"href":"https:\/\/www.frameworkdigital.com.br\/en\/wp-json\/wp\/v2\/types\/page"}],"author":[{"embeddable":true,"href":"https:\/\/www.frameworkdigital.com.br\/en\/wp-json\/wp\/v2\/users\/1"}],"replies":[{"embeddable":true,"href":"https:\/\/www.frameworkdigital.com.br\/en\/wp-json\/wp\/v2\/comments?post=4083"}],"version-history":[{"count":21,"href":"https:\/\/www.frameworkdigital.com.br\/en\/wp-json\/wp\/v2\/pages\/4083\/revisions"}],"predecessor-version":[{"id":8988,"href":"https:\/\/www.frameworkdigital.com.br\/en\/wp-json\/wp\/v2\/pages\/4083\/revisions\/8988"}],"wp:attachment":[{"href":"https:\/\/www.frameworkdigital.com.br\/en\/wp-json\/wp\/v2\/media?parent=4083"}],"curies":[{"name":"wp","href":"https:\/\/api.w.org\/{rel}","templated":true}]}}