{"id":3,"date":"2024-07-08T11:54:10","date_gmt":"2024-07-08T14:54:10","guid":{"rendered":"https:\/\/www.frameworkdigital.com.br\/?page_id=3"},"modified":"2025-02-28T19:37:58","modified_gmt":"2025-02-28T22:37:58","slug":"politica-de-privacidade","status":"publish","type":"page","link":"https:\/\/www.frameworkdigital.com.br\/en\/politica-de-privacidade\/","title":{"rendered":"Pol\u00edtica de privacidade"},"content":{"rendered":"<div data-elementor-type=\"wp-page\" data-elementor-id=\"3\" class=\"elementor elementor-3\" data-elementor-post-type=\"page\">\n\t\t\t\t<div class=\"elementor-element elementor-element-2da8b667 e-flex e-con-boxed wpr-particle-no wpr-jarallax-no wpr-parallax-no wpr-sticky-section-no e-con e-parent\" data-id=\"2da8b667\" data-element_type=\"container\" data-e-type=\"container\">\n\t\t\t\t\t<div class=\"e-con-inner\">\n\t\t\t\t<div class=\"elementor-element elementor-element-88b7d85 elementor-widget elementor-widget-text-editor\" data-id=\"88b7d85\" data-element_type=\"widget\" data-e-type=\"widget\" data-widget_type=\"text-editor.default\">\n\t\t\t\t<div class=\"elementor-widget-container\">\n\t\t\t\t\t\t\t\t\t<p><span style=\"text-align: var(--text-align);\">Por aqui, prezamos pela <\/span><span style=\"text-align: var(--text-align);\">transpar\u00eancia<\/span><span style=\"text-align: var(--text-align);\">, seguran\u00e7a e responsabilidade no tratamento de dados pessoais dos nossos usu\u00e1rios e clientes. Por isso, criamos esta Pol\u00edtica de Privacidade para mostrar com clareza como \u00e9 feita a coleta e o uso das informa\u00e7\u00f5es de quem acessa o nosso site. Ao autorizar a coleta dos dados nos formul\u00e1rios presentes no site da Framework e suas verticais, voc\u00ea entende que usamos as informa\u00e7\u00f5es nos termos estabelecidos neste documento. Os termos est\u00e3o de acordo com as normas de Prote\u00e7\u00e3o de Dados (LGPD, Lei Federal 13.709\/2018), das disposi\u00e7\u00f5es consumeristas da Lei Federal 8078\/1990 e as demais normas do ordenamento jur\u00eddico brasileiro aplic\u00e1veis.<\/span><\/p>\n<p><b>1. Quais dados coletamos sobre voc\u00ea e para qual finalidade?<br><\/b>Nosso site coleta e utiliza alguns dados pessoais para viabilizar a presta\u00e7\u00e3o de servi\u00e7os e aprimorar a experi\u00eancia de uso.<\/p>\n<p><b>1.1. Dados pessoais fornecidos pelo usu\u00e1rio<br><\/b>Nome <br>E-mail <br>Telefone <br>Localidade <br>Empresa em que atua <br>Segmento da empresa <br>Quantidade de colaboradores<\/p>\n<p><b>2. Como coletamos os seus dados?<\/b><\/p>\n<p>A coleta ocorre por meio de formul\u00e1rios dispon\u00edveis nas principais p\u00e1ginas do site e suas poss\u00edveis verticais, como blogs e landing pages.<\/p>\n<p><b>2.1. Consentimento<\/b><\/p>\n<p>Os dados s\u00f3 ser\u00e3o usados pela Framework com o seu consentimento. Esse consentimento \u00e9 a manifesta\u00e7\u00e3o livre, informada e inequ\u00edvoca ela qual voc\u00ea autoriza a Framework Digital a tratar seus dados quando voc\u00ea preenche seus dados nos campos.<br>O seu consentimento \u00e9 obtido de forma espec\u00edfica para cada finalidade acima descrita, evidenciando o compromisso de transpar\u00eancia da Framework Digital com seus usu\u00e1rios\/clientes, seguindo as regula\u00e7\u00f5es legislativas pertinentes. Ao utilizar os servi\u00e7os da Framework Digital e fornecer seus dados pessoais, voc\u00ea est\u00e1 ciente e consentindo com as disposi\u00e7\u00f5es desta Pol\u00edtica de Privacidade, al\u00e9m de conhecer seus direitos e como exerc\u00ea-los.<\/p>\n<p><b>3. Quais s\u00e3o os seus direitos?<\/b><\/p>\n<p>A Framework Digital assegura a seus usu\u00e1rios\/clientes seus direitos de titular previstos no artigo 18 da Lei Geral de Prote\u00e7\u00e3o de Dados. Dessa forma, voc\u00ea pode, de maneira gratuita e a qualquer momento, solicitar os dados previstos na lei.<\/p>\n<p><b>4. Como e por quanto tempo seus dados ser\u00e3o armazenados?<\/b><\/p>\n<p>Seus dados pessoais coletados pela Framework Digital ser\u00e3o utilizados e armazenados durante o tempo necess\u00e1rio para a presta\u00e7\u00e3o do servi\u00e7o ou para que as finalidades elencadas nesta Pol\u00edtica de Privacidade sejam atingidas, ressalvadas as hip\u00f3teses legalmente previstas no artigo 16 lei geral de prote\u00e7\u00e3o de dados, a saber:<\/p>\n<p>I \u2013 cumprimento de obriga\u00e7\u00e3o legal ou regulat\u00f3ria pelo controlador;<br>II \u2013 estudo por \u00f3rg\u00e3o de pesquisa, garantida, sempre que poss\u00edvel, a anonimiza\u00e7\u00e3o dos dados pessoais; <br>III \u2013 transfer\u00eancia a terceiro, desde que respeitados os requisitos de tratamento de dados dispostos nesta Lei; ou <br>IV \u2013 uso exclusivo do controlador, vedado seu acesso por terceiro, e desde que anonimizados os dados.<\/p>\n<p><b>5. O que fazemos para manter seus dados seguros?<\/b><\/p>\n<p>Para mantermos suas informa\u00e7\u00f5es pessoais seguras, usamos ferramentas f\u00edsicas, eletr\u00f4nicas e gerenciais orientadas para a prote\u00e7\u00e3o da sua privacidade. Entre as medidas que adotamos, destacamos as seguintes:<\/p>\n<p>Apenas pessoas autorizadas t\u00eam acesso a seus dados pessoais; <br>O acesso a seus dados pessoais \u00e9 feito somente ap\u00f3s o compromisso de confidencialidade; <br>Seus dados pessoais s\u00e3o armazenados em ambiente seguro.<\/p>\n<p>Em caso de incidentes de seguran\u00e7a que possam gerar risco ou dano relevante para voc\u00ea ou qualquer um de nossos usu\u00e1rios\/clientes, comunicaremos os afetados e a Autoridade<br>Nacional de Prote\u00e7\u00e3o de Dados sobre o ocorrido, em conson\u00e2ncia com as disposi\u00e7\u00f5es da Lei Geral de Prote\u00e7\u00e3o de Dados.<\/p>\n<p><b>6. Com quem seus dados podem ser compartilhados?<\/b><\/p>\n<p>Tendo em vista a preserva\u00e7\u00e3o de sua privacidade, a Framework Digital n\u00e3o compartilhar\u00e1 seus dados pessoais com nenhum terceiro n\u00e3o autorizado. Seus dados poder\u00e3o ser compartilhados apenas com nossos parceiros comerciais. Estes recebem seus dados apenas na medida do necess\u00e1rio para a presta\u00e7\u00e3o dos servi\u00e7os contratados e nossos contratos s\u00e3o orientados pelas normas de prote\u00e7\u00e3o de dados do ordenamento jur\u00eddico brasileiro. Al\u00e9m disso, tamb\u00e9m existem outras possibilidades em que seus dados poder\u00e3o ser compartilhados, que s\u00e3o:<\/p>\n<p>I \u2013 Determina\u00e7\u00e3o legal, requerimento, requisi\u00e7\u00e3o ou ordem judicial, com autoridades judiciais, administrativas ou governamentais competentes. <br>II \u2013 Caso de movimenta\u00e7\u00f5es societ\u00e1rias, como fus\u00e3o, aquisi\u00e7\u00e3o e incorpora\u00e7\u00e3o, de forma autom\u00e1tica.<br>III \u2013 Prote\u00e7\u00e3o dos direitos da Framework Digital em qualquer tipo de conflito, inclusive os de teor judicial.<br>6.1. Transfer\u00eancia internacional de dados<br>Alguns dos terceiros com quem compartilhamos seus dados podem ser localizados ou possuir instala\u00e7\u00f5es localizadas em pa\u00edses estrangeiros. Nessas condi\u00e7\u00f5es, de toda forma, seus dados pessoais estar\u00e3o sujeitos \u00e0 Lei Geral de Prote\u00e7\u00e3o de Dados e \u00e0s demais legisla\u00e7\u00f5es brasileiras de prote\u00e7\u00e3o de dados Nesse sentido, a Framework se compromete a sempre adotar padr\u00f5es eficientes de seguran\u00e7a cibern\u00e9tica e de prote\u00e7\u00e3o de dados, nos melhores esfor\u00e7os para garantir e cumprir as exig\u00eancias legislativas. Ao concordar com essa Pol\u00edtica de Privacidade, voc\u00ea concorda com esse compartilhamento, que se dar\u00e1 conforme as finalidades descritas no presente instrumento.<\/p>\n<p><b>7. Cookies ou dados de navega\u00e7\u00e3o<\/b><\/p>\n<p>A Framework Digital faz uso de Cookies, que s\u00e3o arquivos de texto enviados pela plataforma ao seu computador e que nele se armazenam, que cont\u00e9m informa\u00e7\u00f5es relacionadas \u00e0 navega\u00e7\u00e3o do site. Resumindo, os Cookies s\u00e3o utilizados para aprimorar a experi\u00eancia de uso.<br>Ao acessar nosso site e consentir com o uso de Cookies, voc\u00ea manifesta conhecer e aceitar a utiliza\u00e7\u00e3o de um sistema de coleta de dados de navega\u00e7\u00e3o com o uso de Cookies em seu dispositivo. Voc\u00ea pode, a qualquer momento e sem nenhum custo, alterar as permiss\u00f5es, bloquear ou recusar os Cookies. Por\u00e9m, a revoga\u00e7\u00e3o do consentimento de determinados Cookies pode inviabilizar o funcionamento correto de alguns recursos da plataforma. Para gerenciar os cookies do seu navegador, basta acessar as configura\u00e7\u00f5es do navegador, na \u00e1rea de gest\u00e3o de Cookies.<\/p>\n<p><b>8. Altera\u00e7\u00e3o desta Pol\u00edtica de Privacidade<\/b><\/p>\n<p>A atual vers\u00e3o da Pol\u00edtica de Privacidade foi formulada e atualizada pela \u00faltima vez em 28 de janeiro de 2022. Reservamos o direito de modificar essa Pol\u00edtica de Privacidade a qualquer momento, principalmente em fun\u00e7\u00e3o da adequa\u00e7\u00e3o a eventuais altera\u00e7\u00f5es feitas em nosso site ou em \u00e2mbito legislativo. Recomendamos que voc\u00ea a revise com frequ\u00eancia. Eventuais altera\u00e7\u00f5es entrar\u00e3o em vigor a partir de sua publica\u00e7\u00e3o em nosso site. Ao utilizar nossos servi\u00e7os e fornecer seus dados pessoais ap\u00f3s tais modifica\u00e7\u00f5es, voc\u00ea as consente.<\/p>\n<p><b>9. Responsabilidade<\/b><\/p>\n<p>A Framework Digital prev\u00ea a responsabilidade dos agentes que atuam nos processos de tratamento de dados, em conformidade com os artigos 42 ao 45 da Lei Geral de Prote\u00e7\u00e3o de Dados. Nos comprometemos em manter esta Pol\u00edtica de Privacidade atualizada, observando suas disposi\u00e7\u00f5es e zelando por seu cumprimento. Al\u00e9m disso, tamb\u00e9m assumimos o compromisso de buscar condi\u00e7\u00f5es t\u00e9cnicas e organizativas aptas a proteger todo o processo de tratamento de dados.<\/p>\n<p><b>9.1. Isen\u00e7\u00e3o de responsabilidade<\/b><\/p>\n<p>Conforme mencionado no T\u00f3pico 6, embora adotemos elevados padr\u00f5es de seguran\u00e7a a fim de evitar incidentes, n\u00e3o h\u00e1 nenhuma p\u00e1gina virtual inteiramente livre de riscos. Nesse sentido, a Framework Digital n\u00e3o se responsabiliza por:<\/p>\n<p>I \u2013 Quaisquer consequ\u00eancias decorrentes da neglig\u00eancia, imprud\u00eancia ou descuido dos usu\u00e1rios em rela\u00e7\u00e3o a seus dados individuais. Garantimos e nos responsabilizamos apenas pela seguran\u00e7a dos processos de tratamento de dados e do cumprimento das finalidades descritas no presente instrumento. Destacamos que a responsabilidade em rela\u00e7\u00e3o \u00e0 confidencialidade dos dados de acesso \u00e9 do usu\u00e1rio.<br>II &#8211; A\u00e7\u00f5es maliciosas de terceiros, como ataques de hackers, exceto se comprovada conduta culposa ou deliberada da Framework Digital. Destacamos que em caso de incidentes de seguran\u00e7a que possam gerar risco ou dano relevante para voc\u00ea ou qualquer um de nossos usu\u00e1rios\/clientes, comunicaremos aos afetados e \u00e0 Autoridade Nacional de Prote\u00e7\u00e3o de Dados sobre o ocorrido e cumpriremos as provid\u00eancias necess\u00e1rias.<br>III \u2013 Inveracidade das informa\u00e7\u00f5es preenchidas pelo usu\u00e1rio\/cliente nos registros necess\u00e1rios para a utiliza\u00e7\u00e3o dos servi\u00e7os da Framework Digital; quaisquer consequ\u00eancias decorrentes de informa\u00e7\u00f5es falsas ou inseridas de m\u00e1-f\u00e9 s\u00e3o de responsabilidade do usu\u00e1rio\/cliente.<\/p>\n<p>10. Encarregado de Prote\u00e7\u00e3o de Dados<br>Caso tenha d\u00favidas sobre esta Pol\u00edtica de Privacidade ou sobre os dados pessoais que tratamos, voc\u00ea pode entrar em contato com a Framework Digital. Disponibilizamos o seguinte meio para que voc\u00ea possa entrar em contato conosco para exercer seus direitos de usu\u00e1rio: lgpd@frwk.com.br<\/p>\n<p><\/p>\t\t\t\t\t\t\t\t<\/div>\n\t\t\t\t<\/div>\n\t\t\t\t\t<\/div>\n\t\t\t\t<\/div>\n\t\t\t\t<\/div>","protected":false},"excerpt":{"rendered":"<p>Por aqui, prezamos pela transpar\u00eancia, seguran\u00e7a e responsabilidade no tratamento de dados pessoais dos nossos usu\u00e1rios e clientes. Por isso, criamos esta Pol\u00edtica de Privacidade para mostrar com clareza como \u00e9 feita a coleta e o uso das informa\u00e7\u00f5es de quem acessa o nosso site. Ao autorizar a coleta dos dados nos formul\u00e1rios presentes no site da Framework e suas verticais, voc\u00ea entende que usamos as informa\u00e7\u00f5es nos termos estabelecidos neste documento. Os termos est\u00e3o de acordo com as normas de Prote\u00e7\u00e3o de Dados (LGPD, Lei Federal 13.709\/2018), das disposi\u00e7\u00f5es consumeristas da Lei Federal 8078\/1990 e as demais normas do ordenamento jur\u00eddico brasileiro aplic\u00e1veis. 1. Quais dados coletamos sobre voc\u00ea e para qual finalidade?Nosso site coleta e utiliza alguns dados pessoais para viabilizar a presta\u00e7\u00e3o de servi\u00e7os e aprimorar a experi\u00eancia de uso. 1.1. Dados pessoais fornecidos pelo usu\u00e1rioNome E-mail Telefone Localidade Empresa em que atua Segmento da empresa Quantidade de colaboradores 2. Como coletamos os seus dados? A coleta ocorre por meio de formul\u00e1rios dispon\u00edveis nas principais p\u00e1ginas do site e suas poss\u00edveis verticais, como blogs e landing pages. 2.1. Consentimento Os dados s\u00f3 ser\u00e3o usados pela Framework com o seu consentimento. Esse consentimento \u00e9 a manifesta\u00e7\u00e3o livre, informada e inequ\u00edvoca ela qual voc\u00ea autoriza a Framework Digital a tratar seus dados quando voc\u00ea preenche seus dados nos campos.O seu consentimento \u00e9 obtido de forma espec\u00edfica para cada finalidade acima descrita, evidenciando o compromisso de transpar\u00eancia da Framework Digital com seus usu\u00e1rios\/clientes, seguindo as regula\u00e7\u00f5es legislativas pertinentes. Ao utilizar os servi\u00e7os da Framework Digital e fornecer seus dados pessoais, voc\u00ea est\u00e1 ciente e consentindo com as disposi\u00e7\u00f5es desta Pol\u00edtica de Privacidade, al\u00e9m de conhecer seus direitos e como exerc\u00ea-los. 3. Quais s\u00e3o os seus direitos? A Framework Digital assegura a seus usu\u00e1rios\/clientes seus direitos de titular previstos no artigo 18 da Lei Geral de Prote\u00e7\u00e3o de Dados. Dessa forma, voc\u00ea pode, de maneira gratuita e a qualquer momento, solicitar os dados previstos na lei. 4. Como e por quanto tempo seus dados ser\u00e3o armazenados? Seus dados pessoais coletados pela Framework Digital ser\u00e3o utilizados e armazenados durante o tempo necess\u00e1rio para a presta\u00e7\u00e3o do servi\u00e7o ou para que as finalidades elencadas nesta Pol\u00edtica de Privacidade sejam atingidas, ressalvadas as hip\u00f3teses legalmente previstas no artigo 16 lei geral de prote\u00e7\u00e3o de dados, a saber: I \u2013 cumprimento de obriga\u00e7\u00e3o legal ou regulat\u00f3ria pelo controlador;II \u2013 estudo por \u00f3rg\u00e3o de pesquisa, garantida, sempre que poss\u00edvel, a anonimiza\u00e7\u00e3o dos dados pessoais; III \u2013 transfer\u00eancia a terceiro, desde que respeitados os requisitos de tratamento de dados dispostos nesta Lei; ou IV \u2013 uso exclusivo do controlador, vedado seu acesso por terceiro, e desde que anonimizados os dados. 5. O que fazemos para manter seus dados seguros? Para mantermos suas informa\u00e7\u00f5es pessoais seguras, usamos ferramentas f\u00edsicas, eletr\u00f4nicas e gerenciais orientadas para a prote\u00e7\u00e3o da sua privacidade. Entre as medidas que adotamos, destacamos as seguintes: Apenas pessoas autorizadas t\u00eam acesso a seus dados pessoais; O acesso a seus dados pessoais \u00e9 feito somente ap\u00f3s o compromisso de confidencialidade; Seus dados pessoais s\u00e3o armazenados em ambiente seguro. Em caso de incidentes de seguran\u00e7a que possam gerar risco ou dano relevante para voc\u00ea ou qualquer um de nossos usu\u00e1rios\/clientes, comunicaremos os afetados e a AutoridadeNacional de Prote\u00e7\u00e3o de Dados sobre o ocorrido, em conson\u00e2ncia com as disposi\u00e7\u00f5es da Lei Geral de Prote\u00e7\u00e3o de Dados. 6. Com quem seus dados podem ser compartilhados? Tendo em vista a preserva\u00e7\u00e3o de sua privacidade, a Framework Digital n\u00e3o compartilhar\u00e1 seus dados pessoais com nenhum terceiro n\u00e3o autorizado. Seus dados poder\u00e3o ser compartilhados apenas com nossos parceiros comerciais. Estes recebem seus dados apenas na medida do necess\u00e1rio para a presta\u00e7\u00e3o dos servi\u00e7os contratados e nossos contratos s\u00e3o orientados pelas normas de prote\u00e7\u00e3o de dados do ordenamento jur\u00eddico brasileiro. Al\u00e9m disso, tamb\u00e9m existem outras possibilidades em que seus dados poder\u00e3o ser compartilhados, que s\u00e3o: I \u2013 Determina\u00e7\u00e3o legal, requerimento, requisi\u00e7\u00e3o ou ordem judicial, com autoridades judiciais, administrativas ou governamentais competentes. II \u2013 Caso de movimenta\u00e7\u00f5es societ\u00e1rias, como fus\u00e3o, aquisi\u00e7\u00e3o e incorpora\u00e7\u00e3o, de forma autom\u00e1tica.III \u2013 Prote\u00e7\u00e3o dos direitos da Framework Digital em qualquer tipo de conflito, inclusive os de teor judicial.6.1. Transfer\u00eancia internacional de dadosAlguns dos terceiros com quem compartilhamos seus dados podem ser localizados ou possuir instala\u00e7\u00f5es localizadas em pa\u00edses estrangeiros. Nessas condi\u00e7\u00f5es, de toda forma, seus dados pessoais estar\u00e3o sujeitos \u00e0 Lei Geral de Prote\u00e7\u00e3o de Dados e \u00e0s demais legisla\u00e7\u00f5es brasileiras de prote\u00e7\u00e3o de dados Nesse sentido, a Framework se compromete a sempre adotar padr\u00f5es eficientes de seguran\u00e7a cibern\u00e9tica e de prote\u00e7\u00e3o de dados, nos melhores esfor\u00e7os para garantir e cumprir as exig\u00eancias legislativas. Ao concordar com essa Pol\u00edtica de Privacidade, voc\u00ea concorda com esse compartilhamento, que se dar\u00e1 conforme as finalidades descritas no presente instrumento. 7. Cookies ou dados de navega\u00e7\u00e3o A Framework Digital faz uso de Cookies, que s\u00e3o arquivos de texto enviados pela plataforma ao seu computador e que nele se armazenam, que cont\u00e9m informa\u00e7\u00f5es relacionadas \u00e0 navega\u00e7\u00e3o do site. Resumindo, os Cookies s\u00e3o utilizados para aprimorar a experi\u00eancia de uso.Ao acessar nosso site e consentir com o uso de Cookies, voc\u00ea manifesta conhecer e aceitar a utiliza\u00e7\u00e3o de um sistema de coleta de dados de navega\u00e7\u00e3o com o uso de Cookies em seu dispositivo. Voc\u00ea pode, a qualquer momento e sem nenhum custo, alterar as permiss\u00f5es, bloquear ou recusar os Cookies. Por\u00e9m, a revoga\u00e7\u00e3o do consentimento de determinados Cookies pode inviabilizar o funcionamento correto de alguns recursos da plataforma. Para gerenciar os cookies do seu navegador, basta acessar as configura\u00e7\u00f5es do navegador, na \u00e1rea de gest\u00e3o de Cookies. 8. Altera\u00e7\u00e3o desta Pol\u00edtica de Privacidade A atual vers\u00e3o da Pol\u00edtica de Privacidade foi formulada e atualizada pela \u00faltima vez em 28 de janeiro de 2022. Reservamos o direito de modificar essa Pol\u00edtica de Privacidade a qualquer momento, principalmente em fun\u00e7\u00e3o da adequa\u00e7\u00e3o a eventuais altera\u00e7\u00f5es feitas em nosso site ou em \u00e2mbito legislativo. Recomendamos que voc\u00ea a revise com frequ\u00eancia. Eventuais altera\u00e7\u00f5es entrar\u00e3o em vigor a partir de sua publica\u00e7\u00e3o em nosso site. Ao utilizar nossos servi\u00e7os<\/p>","protected":false},"author":1,"featured_media":0,"parent":0,"menu_order":0,"comment_status":"closed","ping_status":"open","template":"","meta":{"content-type":"","footnotes":""},"class_list":["post-3","page","type-page","status-publish","hentry"],"_links":{"self":[{"href":"https:\/\/www.frameworkdigital.com.br\/en\/wp-json\/wp\/v2\/pages\/3","targetHints":{"allow":["GET"]}}],"collection":[{"href":"https:\/\/www.frameworkdigital.com.br\/en\/wp-json\/wp\/v2\/pages"}],"about":[{"href":"https:\/\/www.frameworkdigital.com.br\/en\/wp-json\/wp\/v2\/types\/page"}],"author":[{"embeddable":true,"href":"https:\/\/www.frameworkdigital.com.br\/en\/wp-json\/wp\/v2\/users\/1"}],"replies":[{"embeddable":true,"href":"https:\/\/www.frameworkdigital.com.br\/en\/wp-json\/wp\/v2\/comments?post=3"}],"version-history":[{"count":0,"href":"https:\/\/www.frameworkdigital.com.br\/en\/wp-json\/wp\/v2\/pages\/3\/revisions"}],"wp:attachment":[{"href":"https:\/\/www.frameworkdigital.com.br\/en\/wp-json\/wp\/v2\/media?parent=3"}],"curies":[{"name":"wp","href":"https:\/\/api.w.org\/{rel}","templated":true}]}}